{"id":78,"date":"2023-09-26T00:24:50","date_gmt":"2023-09-25T22:24:50","guid":{"rendered":"https:\/\/www.hannover-net.de\/sceneevents\/?page_id=78"},"modified":"2023-09-27T21:19:00","modified_gmt":"2023-09-27T19:19:00","slug":"kontakt","status":"publish","type":"page","link":"https:\/\/www.hannover-net.de\/sceneevents\/kontakt\/","title":{"rendered":"Kontakt"},"content":{"rendered":"<p>[et_pb_section fb_built=&#8220;1&#8243; _builder_version=&#8220;4.22.2&#8243; _module_preset=&#8220;default&#8220; use_background_color_gradient=&#8220;on&#8220; background_color_gradient_stops=&#8220;rgba(131,131,131,0.5) 0%|rgba(131,131,131,0) 69%&#8220; background_enable_pattern_style=&#8220;on&#8220; background_pattern_style=&#8220;crosses&#8220; background_pattern_color=&#8220;rgba(131,131,131,0.1)&#8220; background_pattern_vertical_offset=&#8220;0%&#8220; custom_margin=&#8220;0px||0px||false|false&#8220; custom_padding=&#8220;0px||0px||false|false&#8220; hover_enabled=&#8220;0&#8243; global_colors_info=&#8220;{}&#8220; background_pattern_blend_mode=&#8220;color-burn&#8220; sticky_enabled=&#8220;0&#8243;][et_pb_row _builder_version=&#8220;4.22.2&#8243; _module_preset=&#8220;default&#8220; custom_margin=&#8220;||||false|false&#8220; custom_padding=&#8220;0px||||false|false&#8220; global_colors_info=&#8220;{}&#8220;][et_pb_column type=&#8220;4_4&#8243; _builder_version=&#8220;4.22.2&#8243; _module_preset=&#8220;default&#8220; global_colors_info=&#8220;{}&#8220;][et_pb_cta title=&#8220;Reden wir &#8230;&#8220; _builder_version=&#8220;4.22.2&#8243; _module_preset=&#8220;default&#8220; header_level=&#8220;h1&#8243; header_font=&#8220;|700|on||||||&#8220; header_text_color=&#8220;#a70966&#8243; header_line_height=&#8220;2em&#8220; background_image=&#8220;https:\/\/www.hannover-net.de\/sceneevents\/wp-content\/uploads\/2023\/09\/schatten.jpg&#8220; parallax=&#8220;on&#8220; min_height=&#8220;428px&#8220; custom_padding=&#8220;||||false|false&#8220; global_colors_info=&#8220;{}&#8220;][\/et_pb_cta][\/et_pb_column][\/et_pb_row][et_pb_row _builder_version=&#8220;4.22.2&#8243; _module_preset=&#8220;default&#8220; global_colors_info=&#8220;{}&#8220;][et_pb_column type=&#8220;4_4&#8243; _builder_version=&#8220;4.22.2&#8243; _module_preset=&#8220;default&#8220; global_colors_info=&#8220;{}&#8220;][et_pb_text _builder_version=&#8220;4.22.2&#8243; _module_preset=&#8220;default&#8220; text_font=&#8220;|700|||||||&#8220; text_orientation=&#8220;center&#8220; hover_enabled=&#8220;0&#8243; global_colors_info=&#8220;{}&#8220; sticky_enabled=&#8220;0&#8243;]<\/p>\n<h1><strong>Scene Events GmbH<\/strong><\/h1>\n<p>Was k\u00f6nnen wir f\u00fcr Sie tun?<\/p>\n<p>&nbsp;<\/p>\n<p>Roderbruchstr. 11-15 \u00a0\u00a0&#8211;\u00a0\u00a0 30655 Hannover<\/p>\n<p>Office-Telefon (nicht immer besetzt): 0511 \/ 54 89 79<br \/>Email: <a href=\"mailto:info@sceneevents.de\">info@sceneevents.de<\/a><\/p>\n<p>[\/et_pb_text][et_pb_button button_url=&#8220;mailto:info@sceneevents.de&#8220; button_text=&#8220;Email an SceneEvents&#8220; button_alignment=&#8220;center&#8220; _builder_version=&#8220;4.22.2&#8243; custom_button=&#8220;on&#8220; button_text_size=&#8220;14px&#8220; button_text_color=&#8220;#000000&#8243; button_bg_color=&#8220;#ffffff&#8220; button_border_width=&#8220;0px&#8220; button_border_radius=&#8220;0px&#8220; button_letter_spacing=&#8220;2px&#8220; button_font=&#8220;|700||on|||||&#8220; button_icon=&#8220;&#x24;||divi||400&#8243; custom_padding=&#8220;20px|40px|20px|40px|true|true&#8220; animation_style=&#8220;slide&#8220; animation_direction=&#8220;right&#8220; animation_intensity_slide=&#8220;5%&#8220; hover_enabled=&#8220;0&#8243; box_shadow_style=&#8220;preset1&#8243; box_shadow_color=&#8220;#a70966&#8243; locked=&#8220;off&#8220; global_colors_info=&#8220;{}&#8220; theme_builder_area=&#8220;post_content&#8220; sticky_enabled=&#8220;0&#8243;]<br \/>\n[\/et_pb_button][et_pb_text _builder_version=&#8220;4.22.2&#8243; _module_preset=&#8220;default&#8220; text_font=&#8220;|700|||||||&#8220; text_orientation=&#8220;center&#8220; hover_enabled=&#8220;0&#8243; global_colors_info=&#8220;{}&#8220; sticky_enabled=&#8220;0&#8243;]<\/p>\n<h2>Achtung, in Ihrem eigenen Interesse!<\/h2>\n<p>Tischreservierungen oder Tickets bitte ausschlie\u00dflich \u00fcber die auf den Themenseiten angegebenen Mailadressen bzw. Telefonnummern \u00e4u\u00dfern. Das Office ist nicht durchgehend besetzt und kann Ihre W\u00fcnsche ggf. nicht erf\u00fcllen.<\/p>\n<p>Bitte beachten Sie auch Impressum, Datenschutzerkl\u00e4rung und Cookie-Richtlinie.<\/p>\n<p>&nbsp;<\/p>\n<p><em>Besten Dank, Ihr Team von scene events.<br \/><\/em><\/p>\n<p>[\/et_pb_text][\/et_pb_column][\/et_pb_row][\/et_pb_section]<\/p>\n","protected":false},"excerpt":{"rendered":"<p>Scene Events GmbH Was k\u00f6nnen wir f\u00fcr Sie tun? &nbsp; Roderbruchstr. 11-15 \u00a0\u00a0&#8211;\u00a0\u00a0 30655 Hannover Office-Telefon (nicht immer besetzt): 0511 \/ 54 89 79Email: info@sceneevents.de Achtung, in Ihrem eigenen Interesse! Tischreservierungen oder Tickets bitte ausschlie\u00dflich \u00fcber die auf den Themenseiten angegebenen Mailadressen bzw. Telefonnummern \u00e4u\u00dfern. Das Office ist nicht durchgehend besetzt und kann Ihre W\u00fcnsche [&hellip;]<\/p>\n","protected":false},"author":1,"featured_media":0,"parent":0,"menu_order":0,"comment_status":"closed","ping_status":"closed","template":"","meta":{"_et_pb_use_builder":"on","_et_pb_old_content":"","_et_gb_content_width":"","footnotes":""},"class_list":["post-78","page","type-page","status-publish","hentry"],"_links":{"self":[{"href":"https:\/\/www.hannover-net.de\/sceneevents\/wp-json\/wp\/v2\/pages\/78","targetHints":{"allow":["GET"]}}],"collection":[{"href":"https:\/\/www.hannover-net.de\/sceneevents\/wp-json\/wp\/v2\/pages"}],"about":[{"href":"https:\/\/www.hannover-net.de\/sceneevents\/wp-json\/wp\/v2\/types\/page"}],"author":[{"embeddable":true,"href":"https:\/\/www.hannover-net.de\/sceneevents\/wp-json\/wp\/v2\/users\/1"}],"replies":[{"embeddable":true,"href":"https:\/\/www.hannover-net.de\/sceneevents\/wp-json\/wp\/v2\/comments?post=78"}],"version-history":[{"count":4,"href":"https:\/\/www.hannover-net.de\/sceneevents\/wp-json\/wp\/v2\/pages\/78\/revisions"}],"predecessor-version":[{"id":209,"href":"https:\/\/www.hannover-net.de\/sceneevents\/wp-json\/wp\/v2\/pages\/78\/revisions\/209"}],"wp:attachment":[{"href":"https:\/\/www.hannover-net.de\/sceneevents\/wp-json\/wp\/v2\/media?parent=78"}],"curies":[{"name":"wp","href":"https:\/\/api.w.org\/{rel}","templated":true}]}}