{"id":51,"date":"2023-09-25T23:15:41","date_gmt":"2023-09-25T21:15:41","guid":{"rendered":"https:\/\/www.hannover-net.de\/sceneevents\/?page_id=51"},"modified":"2026-01-02T11:25:01","modified_gmt":"2026-01-02T10:25:01","slug":"impressum","status":"publish","type":"page","link":"https:\/\/www.hannover-net.de\/sceneevents\/impressum\/","title":{"rendered":"Impressum"},"content":{"rendered":"<p>[et_pb_section fb_built=&#8220;1&#8243; admin_label=&#8220;section&#8220; _builder_version=&#8220;4.16&#8243; global_colors_info=&#8220;{}&#8220;][et_pb_row admin_label=&#8220;row&#8220; _builder_version=&#8220;4.16&#8243; background_size=&#8220;initial&#8220; background_position=&#8220;top_left&#8220; background_repeat=&#8220;repeat&#8220; global_colors_info=&#8220;{}&#8220;][et_pb_column type=&#8220;4_4&#8243; _builder_version=&#8220;4.16&#8243; custom_padding=&#8220;|||&#8220; global_colors_info=&#8220;{}&#8220; custom_padding__hover=&#8220;|||&#8220;][et_pb_text _builder_version=&#8220;4.22.2&#8243; _module_preset=&#8220;default&#8220; text_orientation=&#8220;center&#8220; custom_margin=&#8220;0px||||false|false&#8220; custom_padding=&#8220;10px||10px||true|false&#8220; border_width_all=&#8220;1px&#8220; border_color_all=&#8220;#838383&#8243; box_shadow_style=&#8220;preset4&#8243; box_shadow_blur=&#8220;10px&#8220; global_colors_info=&#8220;{}&#8220;]<\/p>\n<h1>Impressum<\/h1>\n<p>[\/et_pb_text][et_pb_text _builder_version=&#8220;4.22.2&#8243; _module_preset=&#8220;default&#8220; global_colors_info=&#8220;{}&#8220;]<\/p>\n<p>Wir freuen uns, dass Sie Interesse an unserem Informationsangebot haben. Die Nutzung dieser Seiten bedeutet, dass Sie mit den folgenden Regularien uneingeschr\u00e4nkt einverstanden sind. Sollte dies nicht der Fall sein, oder sollten Sie zu einem sp\u00e4teren Zeitpunkt nicht damit einverstanden sein, beenden Sie bitte Ihre Nutzung.<\/p>\n<h2>Anbieter, Verantwortlicher, Ansprechpartner:<\/h2>\n<p>scene events GmbH<br \/>Roderbruchstr. 11-15 \u00a0\u00a0&#8211;\u00a0\u00a0 30655 Hannover<br \/>Gesch\u00e4ftsf\u00fchrer: Boris B\u00fctehorn, Michael R\u00fcger, Guido Wirries<br \/>Amtsgericht Hannover, HRB 59395<br \/>Office-Telefon: +49 (0)5 11 \/ 54 89 79<br \/>Email: info@sceneevents.de<\/p>\n<p><strong>Achtung, in Ihrem Interesse! Tischreservierungen, Tickets etc. nur \u00fcber die speziell auf den Themenseiten genannten Kontaktwege.<\/strong><\/p>\n<h2><\/h2>\n<h2>Credits<\/h2>\n<p><strong>WebSupport, Programmierung, Fotografie<\/strong><br \/>J\u00f6rg B\u00fctehorn, Marketing und Kommunikation: <a href=\"http:\/\/www.buetehorn.de\" class=\"textlink\">www.buetehorn.de<\/a>.<\/p>\n<p><strong>Werbung<\/strong> durch <a href=\"http:\/\/www.syndikart-werbeagentur.de\" class=\"textlink\">SyndikArt Werbeagentur<\/a>.<\/p>\n<p>&nbsp;<\/p>\n<p>[\/et_pb_text][\/et_pb_column][\/et_pb_row][et_pb_row column_structure=&#8220;1_2,1_2&#8243; admin_label=&#8220;row&#8220; _builder_version=&#8220;4.22.2&#8243; background_size=&#8220;initial&#8220; background_position=&#8220;top_left&#8220; background_repeat=&#8220;repeat&#8220; global_colors_info=&#8220;{}&#8220;][et_pb_column type=&#8220;1_2&#8243; _builder_version=&#8220;4.16&#8243; custom_padding=&#8220;|||&#8220; global_colors_info=&#8220;{}&#8220; custom_padding__hover=&#8220;|||&#8220;][et_pb_button button_url=&#8220;@ET-DC@eyJkeW5hbWljIjp0cnVlLCJjb250ZW50IjoicG9zdF9saW5rX3VybF9wYWdlIiwic2V0dGluZ3MiOnsicG9zdF9pZCI6IjEyIn19@&#8220; button_text=&#8220;Zur Cookie-Richtlinie&#8220; _builder_version=&#8220;4.22.2&#8243; _dynamic_attributes=&#8220;button_url&#8220; _module_preset=&#8220;default&#8220; global_colors_info=&#8220;{}&#8220;][\/et_pb_button][\/et_pb_column][et_pb_column type=&#8220;1_2&#8243; _builder_version=&#8220;4.16&#8243; custom_padding=&#8220;|||&#8220; global_colors_info=&#8220;{}&#8220; custom_padding__hover=&#8220;|||&#8220;][et_pb_button button_url=&#8220;@ET-DC@eyJkeW5hbWljIjp0cnVlLCJjb250ZW50IjoicG9zdF9saW5rX3VybF9wYWdlIiwic2V0dGluZ3MiOnsicG9zdF9pZCI6IjMifX0=@&#8220; button_text=&#8220;Datenschutzerkl\u00e4rung&#8220; button_alignment=&#8220;right&#8220; _builder_version=&#8220;4.22.2&#8243; _dynamic_attributes=&#8220;button_url&#8220; _module_preset=&#8220;default&#8220; global_colors_info=&#8220;{}&#8220;][\/et_pb_button][\/et_pb_column][\/et_pb_row][et_pb_row admin_label=&#8220;row&#8220; _builder_version=&#8220;4.16&#8243; background_size=&#8220;initial&#8220; background_position=&#8220;top_left&#8220; background_repeat=&#8220;repeat&#8220; global_colors_info=&#8220;{}&#8220;][et_pb_column type=&#8220;4_4&#8243; _builder_version=&#8220;4.16&#8243; custom_padding=&#8220;|||&#8220; global_colors_info=&#8220;{}&#8220; custom_padding__hover=&#8220;|||&#8220;][et_pb_text _builder_version=&#8220;4.22.2&#8243; _module_preset=&#8220;default&#8220; global_colors_info=&#8220;{}&#8220;]<\/p>\n<h2>Copyright<\/h2>\n<p>Copyright \u00a9 1998 &#8211; 2026 scene events GmbH. Alle Rechte vorbehalten.<\/p>\n<p>Alle Marken, Logos, Texte, Bilder, Grafiken, Animationen, Videos, Musik, Ger\u00e4usche, JavaScripts und andere Materialien auf unseren Seiten (nachfolgend Website) sowie deren Auswahl und Anordnung unterliegen dem Urheberrecht und anderen geistigen Eigentumsrechten von scene events GmbH und\/oder J\u00f6rg B\u00fctehorn (nachfolgend durch die &#8222;wir&#8220;-Form gekennzeichnet). Bez\u00fcglich jeglicher geistigen Eigentumsrechte wird keiner Person eine Lizenz oder ein sonstiges Recht einger\u00e4umt. Ausnahmen bed\u00fcrfen der expliziten schriftlichen Genehmigung.<\/p>\n<p>Im Rahmen unserer Website werden Warenzeichen (z.B. bei der Auflistung von Sponsoren oder Referenzen) genannt und\/oder auf Bildern gezeigt (z.B. bei Fotos von Veranstaltungen). Die Rechte an diesen Warenzeichen liegen selbstverst\u00e4ndlich bei den Warenzeichen-Inhabern. Eine Verletzung dieser Rechte ist in keiner Weise beabsichtigt. Sollten Ihnen unbeabsichtigte Verletzungen von Rechten Dritter auf unserer Website begegnen, so teilen Sie uns diese bitte mit. Wir weden schnellstm\u00f6glich daf\u00fcr Sorge tragen, dass diese eingestellt werden.<\/p>\n<p>[\/et_pb_text][et_pb_text _builder_version=&#8220;4.22.2&#8243; _module_preset=&#8220;default&#8220; global_colors_info=&#8220;{}&#8220;]<\/p>\n<h2>Disclaimer<\/h2>\n<p>Wir haben alle zumutbaren Anstrengungen unternommen, um sicher zu stellen, dass die bereitgestellten Informationen auf unserer Website zur Zeit der Bereitstellung richtig und vollst\u00e4ndig sind. Dennoch kann es zu unbeabsichtigten und zuf\u00e4lligen Fehlern gekommen sein, f\u00fcr die wir uns entschuldigen.<\/p>\n<p><strong>Konkret bedeutet dies:<\/strong><br \/>Die Informationen auf unserer Website sind unverbindlich und werden ausschliesslich zu Informationszwecken zur Verf\u00fcgung gestellt. Die Informationen auf unserer Website sowie die beschriebenen Produkte und Dienstleistungen sind Gegenstand st\u00e4ndiger \u00c4nderungen und Modifikationen. Diese k\u00f6nnen ohne vorherige Ank\u00fcndigung vorgenommen werden. Irrt\u00fcmer vorbehalten.<\/p>\n<p>Alle Entscheidungen, die auf den auf unserer Website bereitgestellten Informationen beruhen, liegen einzig und allein im Verantwortungsbereich des Benutzers.<\/p>\n<p>Wir lehnen jegliche Haftung f\u00fcr unmittelbare, konkrete oder Folgesch\u00e4den, oder sonstige Sch\u00e4den jeglicher Art, die aus welchem Grund auch immer im Zusammenhang mit dem indirekten oder direkten Gebrauch unserer Website bereitgestellten Informationen entstanden sind, ab. Der Rechtsweg ist ausgeschlossen.<\/p>\n<p><strong>Links zu Websites Dritter:<\/strong><br \/>Auf unserer Website finden sich Links zu anderen Websites im Internet. F\u00fcr all diese Links gilt: Wir haben keinerlei Einfluss auf die Gestaltung und die Inhalte der gelinkten Websites. Deshalb distanzieren wir uns hiermit ausdr\u00fccklich von allen Inhalten aller gelinkten Websites und machen uns diese nicht zu Eigen. Diese Erkl\u00e4rung gilt f\u00fcr alle Links innerhalb unserer Website und f\u00fcr alle Inhalte der Websites, zu denen diese Links f\u00fchren. Die Betreiber der jeweiligen Websites handeln in Eigenverantwortung und unterliegen dem jeweiligen Landesrecht.<\/p>\n<p>Sollten Sie auf unserer Website Links finden, die besch\u00e4digt sind oder zu anst\u00f6\u00dfigen oder falschen Inhalten f\u00fchren, so teilen Sie uns diese bitte mit. Wir werden dies nach Pr\u00fcfung von unserer Website entfernen. Vielen Dank.<\/p>\n<p>&nbsp;<\/p>\n<h2>Nutzungsbedingungen, Verwendung unserer Website.<\/h2>\n<p>F\u00fcr die Weiterverwendung und\/oder Verbreitung jeglicher Inhalte unserer Website (inkl. aller Unterseiten) ist eine schriftliche Genehmigung erforderlich. Dies gilt insbesondere f\u00fcr die Nutzung in Printmedien, Online-Diensten sowie die Nutzung auf Datentr\u00e4gern jeder Art und elektronischen Tr\u00e4germedien wie CD-ROM, ungeachtet der \u00dcbertragungs-, Tr\u00e4ger und Speichertechniken. Hiervon ausgenommen ist die Nutzung zum pers\u00f6nlichen, nicht kommerziellen Gebrauch.<\/p>\n<p>Weiterhin ausgenommen sind die Ank\u00fcndigungen der Veranstaltungen (Termine, Fakten, Regularien etc.) der scene event GmbH. Diese d\u00fcrfen \u00fcbernommen werden. Wir bitten uns jedoch eine Verlinkung zu unserer Website aus sowie eine kurze Information \u00fcber die Art und Quelle der Weiterverwendung. F\u00fcr Belegexemplare sind wir dankbar.<\/p>\n<p>Wir \u00fcbernehmen keine Haftung f\u00fcr unverlangt eingesandte Manuskripte, Fotos, Illustrationen oder sonstiger Materialien jeglicher Art. F\u00fcr die Inhalte, die wir von Kooperationspartnern oder anderen zur Verf\u00fcgung gestellt bekommen, zeichnen diese selbst verantwortlich. Besagte Inhalte sind entsprechend gekennzeichnet.<\/p>\n<p>[\/et_pb_text][et_pb_text _builder_version=&#8220;4.22.2&#8243; _module_preset=&#8220;default&#8220; global_colors_info=&#8220;{}&#8220;]<\/p>\n<h2>Erg\u00e4nzende Regelungen<\/h2>\n<p>F\u00fcr die Veranstaltungsank\u00fcndigungen gilt zu beachten, dass der Erwerb einer Eintrittskarte nicht zwingend zum Eintritt berechtigt. Die Veranstalter behalten sich gem. BGB ihr Hausrecht vor, Personen den Eintritt zu verweigern. Auf den Veranstaltungen werden von wechselnden Medien Fotos und zum Teil auch Videoaufzeichnungen angefertigt und ver\u00f6ffentlicht, der Besucher erkl\u00e4rt sich mit dem Eintritt damit einverstanden.<br \/>Die Karten sind limitiert. Einlass nicht unter 18 Jahren.<\/p>\n<p>Unsere Veranstaltungen werden ggf. fotografisch und\/oder filmisch begleitet. Mit der Teilnahme am Event erkl\u00e4ren Sie sich einverstanden, dass wir entstandenes Foto- und Filmmaterial zu Marketingzwecken (Internet, Printmedien) nutzen d\u00fcrfen.<br \/>Die Fotos von Veranstaltungen sind ausschlie\u00dflich zum pers\u00f6nlichen, nicht kommerziellen Gebrauch. Die Urheberrechte liegen bei uns und\/oder J\u00f6rg B\u00fctehorn (www.buetehorn.de) und\/oder den genannten Fotografen.<\/p>\n<p>Die Ank\u00fcndigungen der Veranstaltungen der scene event GmbH d\u00fcrfen \u00fcbernommen werden. Wir bitten uns jedoch eine Verlinkung zu unserer Website aus sowie eine kurze Information \u00fcber die Art und Quelle der Weiterverwendung. F\u00fcr Belegexemplare sind wir dankbar.<\/p>\n<p>Das Mitbringen von Speisen und Getr\u00e4nken zu unseren Veranstaltungen ist nicht gestattet. Wir \u00fcbernehmen keine Haftung f\u00fcr Sach- und K\u00f6rpersch\u00e4den. Das Mitbringen von Dosen, Glasbeh\u00e4ltern, pyrotechnischen Gegenst\u00e4nden, Fackeln, Waffen oder auch Mitteln, die gegen das Bet\u00e4ubungsmittelgesetz versto\u00dfen, ist untersagt und kann zum Verweis sowie ggf. zur strafrechtlichen Anzeige f\u00fchren. Ungeh\u00f6riges Benehmen kann zum Verweis von der Veranstaltung f\u00fchren.<\/p>\n<p>Wir bitten <strong>Mitglieder der Presse<\/strong>, insbesondere Party-Fotografen, sich fr\u00fchzeitig f\u00fcr einen Event zu akkreditieren. Bitte haben Sie aus R\u00fccksicht auf unsere G\u00e4ste Verst\u00e4ndnis, dass wir teilweise nicht alle Medien ber\u00fccksichtigen k\u00f6nnen.<\/p>\n<p>Es ist ausschlie\u00dflich deutsches Recht anwendbar. Gerichtsstand ist Hannover, Deutschland.<\/p>\n<p>Salvatorische Klausel<br \/>Sollte eine der obigen Bestimmungen unwirksam sein, so wird die G\u00fcltigkeit der \u00fcbrigen Regelungen hiervon nicht ber\u00fchrt. Die unwirksame Bestimmung wird durch eine rechtsg\u00fcltige ersetzt, die dem wirtschaftlichen Sinn und Zweck der unwirksamen Bestimmung am n\u00e4chsten kommt.<\/p>\n<p>[\/et_pb_text][\/et_pb_column][\/et_pb_row][\/et_pb_section]<\/p>\n","protected":false},"excerpt":{"rendered":"<p>ImpressumWir freuen uns, dass Sie Interesse an unserem Informationsangebot haben. Die Nutzung dieser Seiten bedeutet, dass Sie mit den folgenden Regularien uneingeschr\u00e4nkt einverstanden sind. Sollte dies nicht der Fall sein, oder sollten Sie zu einem sp\u00e4teren Zeitpunkt nicht damit einverstanden sein, beenden Sie bitte Ihre Nutzung. Anbieter, Verantwortlicher, Ansprechpartner: scene events GmbHRoderbruchstr. 11-15 \u00a0\u00a0&#8211;\u00a0\u00a0 30655 [&hellip;]<\/p>\n","protected":false},"author":1,"featured_media":0,"parent":0,"menu_order":0,"comment_status":"closed","ping_status":"closed","template":"","meta":{"_et_pb_use_builder":"on","_et_pb_old_content":"","_et_gb_content_width":"","footnotes":""},"class_list":["post-51","page","type-page","status-publish","hentry"],"_links":{"self":[{"href":"https:\/\/www.hannover-net.de\/sceneevents\/wp-json\/wp\/v2\/pages\/51","targetHints":{"allow":["GET"]}}],"collection":[{"href":"https:\/\/www.hannover-net.de\/sceneevents\/wp-json\/wp\/v2\/pages"}],"about":[{"href":"https:\/\/www.hannover-net.de\/sceneevents\/wp-json\/wp\/v2\/types\/page"}],"author":[{"embeddable":true,"href":"https:\/\/www.hannover-net.de\/sceneevents\/wp-json\/wp\/v2\/users\/1"}],"replies":[{"embeddable":true,"href":"https:\/\/www.hannover-net.de\/sceneevents\/wp-json\/wp\/v2\/comments?post=51"}],"version-history":[{"count":6,"href":"https:\/\/www.hannover-net.de\/sceneevents\/wp-json\/wp\/v2\/pages\/51\/revisions"}],"predecessor-version":[{"id":521,"href":"https:\/\/www.hannover-net.de\/sceneevents\/wp-json\/wp\/v2\/pages\/51\/revisions\/521"}],"wp:attachment":[{"href":"https:\/\/www.hannover-net.de\/sceneevents\/wp-json\/wp\/v2\/media?parent=51"}],"curies":[{"name":"wp","href":"https:\/\/api.w.org\/{rel}","templated":true}]}}